{"id":2341,"date":"2025-06-23T18:23:14","date_gmt":"2025-06-23T18:23:14","guid":{"rendered":"https:\/\/dalpersl.com\/?page_id=2341"},"modified":"2025-06-23T19:03:51","modified_gmt":"2025-06-23T19:03:51","slug":"la-empresa","status":"publish","type":"page","link":"https:\/\/dalpersl.com\/la-empresa","title":{"rendered":"La empresa"},"content":{"rendered":"\t\t<div data-elementor-type=\"wp-page\" data-elementor-id=\"2341\" class=\"elementor elementor-2341\" data-elementor-post-type=\"page\">\n\t\t\t\t<div class=\"elementor-element elementor-element-b9db83b e-flex e-con-boxed e-con e-parent\" data-id=\"b9db83b\" data-element_type=\"container\" data-settings=\"{&quot;background_background&quot;:&quot;classic&quot;}\">\n\t\t\t\t\t<div class=\"e-con-inner\">\n\t\t\t\t\t<\/div>\n\t\t\t\t<\/div>\n\t\t<div class=\"elementor-element elementor-element-ea14532 e-flex e-con-boxed e-con e-parent\" data-id=\"ea14532\" data-element_type=\"container\">\n\t\t\t\t\t<div class=\"e-con-inner\">\n\t\t\t\t\t<\/div>\n\t\t\t\t<\/div>\n\t\t\t\t<section class=\"elementor-section elementor-top-section elementor-element elementor-element-0d14794 elementor-section-height-min-height elementor-section-items-bottom elementor-section-content-middle elementor-hidden-mobile elementor-section-boxed elementor-section-height-default\" data-id=\"0d14794\" data-element_type=\"section\" data-settings=\"{&quot;background_background&quot;:&quot;classic&quot;}\">\n\t\t\t\t\t\t<div class=\"elementor-container elementor-column-gap-default\">\n\t\t\t\t\t<div class=\"elementor-column elementor-col-50 elementor-top-column elementor-element elementor-element-a33546b\" data-id=\"a33546b\" data-element_type=\"column\">\n\t\t\t<div class=\"elementor-widget-wrap elementor-element-populated\">\n\t\t\t\t\t\t<div class=\"elementor-element elementor-element-3ae92ad elementor-view-default elementor-widget elementor-widget-icon\" data-id=\"3ae92ad\" data-element_type=\"widget\" data-widget_type=\"icon.default\">\n\t\t\t\t<div class=\"elementor-widget-container\">\n\t\t\t\t\t\t\t<div class=\"elementor-icon-wrapper\">\n\t\t\t<div class=\"elementor-icon\">\n\t\t\t<svg aria-hidden=\"true\" class=\"e-font-icon-svg e-fas-phone-alt\" viewBox=\"0 0 512 512\" xmlns=\"http:\/\/www.w3.org\/2000\/svg\"><path d=\"M497.39 361.8l-112-48a24 24 0 0 0-28 6.9l-49.6 60.6A370.66 370.66 0 0 1 130.6 204.11l60.6-49.6a23.94 23.94 0 0 0 6.9-28l-48-112A24.16 24.16 0 0 0 122.6.61l-104 24A24 24 0 0 0 0 48c0 256.5 207.9 464 464 464a24 24 0 0 0 23.4-18.6l24-104a24.29 24.29 0 0 0-14.01-27.6z\"><\/path><\/svg>\t\t\t<\/div>\n\t\t<\/div>\n\t\t\t\t\t\t<\/div>\n\t\t\t\t<\/div>\n\t\t\t\t<div class=\"elementor-element elementor-element-cf8cfe3 elementor-widget elementor-widget-text-editor\" data-id=\"cf8cfe3\" data-element_type=\"widget\" data-widget_type=\"text-editor.default\">\n\t\t\t\t<div class=\"elementor-widget-container\">\n\t\t\t\t\t\t\t\t\t<h5><span class=\"topbar-content\" style=\"color: #ffffff;\"> \u2002+34 91 653 48 01 \/ +56 9 93 32 648<\/span><\/h5>\t\t\t\t\t\t\t\t<\/div>\n\t\t\t\t<\/div>\n\t\t\t\t\t<\/div>\n\t\t<\/div>\n\t\t\t\t<div class=\"elementor-column elementor-col-50 elementor-top-column elementor-element elementor-element-a9aed7f\" data-id=\"a9aed7f\" data-element_type=\"column\">\n\t\t\t<div class=\"elementor-widget-wrap elementor-element-populated\">\n\t\t\t\t\t\t<div class=\"elementor-element elementor-element-e270d67 elementor-shape-circle e-grid-align-right elementor-grid-0 elementor-widget elementor-widget-social-icons\" data-id=\"e270d67\" data-element_type=\"widget\" data-widget_type=\"social-icons.default\">\n\t\t\t\t<div class=\"elementor-widget-container\">\n\t\t\t\t\t\t\t<div class=\"elementor-social-icons-wrapper elementor-grid\" role=\"list\">\n\t\t\t\t\t\t\t<span class=\"elementor-grid-item\" role=\"listitem\">\n\t\t\t\t\t<a class=\"elementor-icon elementor-social-icon elementor-social-icon-facebook elementor-repeater-item-a154eec\" href=\"https:\/\/www.facebook.com\/people\/Dalper-Maquinaria-y-Accesorios-SL\/100069019885529\/\" target=\"_blank\">\n\t\t\t\t\t\t<span class=\"elementor-screen-only\">Facebook<\/span>\n\t\t\t\t\t\t<svg class=\"e-font-icon-svg e-fab-facebook\" viewBox=\"0 0 512 512\" xmlns=\"http:\/\/www.w3.org\/2000\/svg\"><path d=\"M504 256C504 119 393 8 256 8S8 119 8 256c0 123.78 90.69 226.38 209.25 245V327.69h-63V256h63v-54.64c0-62.15 37-96.48 93.67-96.48 27.14 0 55.52 4.84 55.52 4.84v61h-31.28c-30.8 0-40.41 19.12-40.41 38.73V256h68.78l-11 71.69h-57.78V501C413.31 482.38 504 379.78 504 256z\"><\/path><\/svg>\t\t\t\t\t<\/a>\n\t\t\t\t<\/span>\n\t\t\t\t\t\t\t<span class=\"elementor-grid-item\" role=\"listitem\">\n\t\t\t\t\t<a class=\"elementor-icon elementor-social-icon elementor-social-icon-linkedin elementor-repeater-item-823a557\" href=\"https:\/\/www.linkedin.com\/in\/dalper-maquinaria-y-accesorios-304b57165\" target=\"_blank\">\n\t\t\t\t\t\t<span class=\"elementor-screen-only\">Linkedin<\/span>\n\t\t\t\t\t\t<svg class=\"e-font-icon-svg e-fab-linkedin\" viewBox=\"0 0 448 512\" xmlns=\"http:\/\/www.w3.org\/2000\/svg\"><path d=\"M416 32H31.9C14.3 32 0 46.5 0 64.3v383.4C0 465.5 14.3 480 31.9 480H416c17.6 0 32-14.5 32-32.3V64.3c0-17.8-14.4-32.3-32-32.3zM135.4 416H69V202.2h66.5V416zm-33.2-243c-21.3 0-38.5-17.3-38.5-38.5S80.9 96 102.2 96c21.2 0 38.5 17.3 38.5 38.5 0 21.3-17.2 38.5-38.5 38.5zm282.1 243h-66.4V312c0-24.8-.5-56.7-34.5-56.7-34.6 0-39.9 27-39.9 54.9V416h-66.4V202.2h63.7v29.2h.9c8.9-16.8 30.6-34.5 62.9-34.5 67.2 0 79.7 44.3 79.7 101.9V416z\"><\/path><\/svg>\t\t\t\t\t<\/a>\n\t\t\t\t<\/span>\n\t\t\t\t\t\t\t<span class=\"elementor-grid-item\" role=\"listitem\">\n\t\t\t\t\t<a class=\"elementor-icon elementor-social-icon elementor-social-icon-linkedin elementor-repeater-item-9d9761d\" href=\"https:\/\/www.linkedin.com\/company\/dalper-chile-spa\/\" target=\"_blank\">\n\t\t\t\t\t\t<span class=\"elementor-screen-only\">Linkedin<\/span>\n\t\t\t\t\t\t<svg class=\"e-font-icon-svg e-fab-linkedin\" viewBox=\"0 0 448 512\" xmlns=\"http:\/\/www.w3.org\/2000\/svg\"><path d=\"M416 32H31.9C14.3 32 0 46.5 0 64.3v383.4C0 465.5 14.3 480 31.9 480H416c17.6 0 32-14.5 32-32.3V64.3c0-17.8-14.4-32.3-32-32.3zM135.4 416H69V202.2h66.5V416zm-33.2-243c-21.3 0-38.5-17.3-38.5-38.5S80.9 96 102.2 96c21.2 0 38.5 17.3 38.5 38.5 0 21.3-17.2 38.5-38.5 38.5zm282.1 243h-66.4V312c0-24.8-.5-56.7-34.5-56.7-34.6 0-39.9 27-39.9 54.9V416h-66.4V202.2h63.7v29.2h.9c8.9-16.8 30.6-34.5 62.9-34.5 67.2 0 79.7 44.3 79.7 101.9V416z\"><\/path><\/svg>\t\t\t\t\t<\/a>\n\t\t\t\t<\/span>\n\t\t\t\t\t<\/div>\n\t\t\t\t\t\t<\/div>\n\t\t\t\t<\/div>\n\t\t\t\t\t<\/div>\n\t\t<\/div>\n\t\t\t\t\t<\/div>\n\t\t<\/section>\n\t\t\t\t<section class=\"elementor-section elementor-top-section elementor-element elementor-element-c9ea40e elementor-section-height-min-height elementor-section-items-bottom elementor-section-content-middle elementor-hidden-desktop elementor-section-boxed elementor-section-height-default\" data-id=\"c9ea40e\" data-element_type=\"section\" data-settings=\"{&quot;background_background&quot;:&quot;classic&quot;}\">\n\t\t\t\t\t\t<div class=\"elementor-container elementor-column-gap-default\">\n\t\t\t\t\t<div class=\"elementor-column elementor-col-100 elementor-top-column elementor-element elementor-element-9be777c\" data-id=\"9be777c\" data-element_type=\"column\">\n\t\t\t<div class=\"elementor-widget-wrap elementor-element-populated\">\n\t\t\t\t\t\t<div class=\"elementor-element elementor-element-6520312 elementor-widget-mobile__width-initial elementor-view-default elementor-widget elementor-widget-icon\" data-id=\"6520312\" data-element_type=\"widget\" data-widget_type=\"icon.default\">\n\t\t\t\t<div class=\"elementor-widget-container\">\n\t\t\t\t\t\t\t<div class=\"elementor-icon-wrapper\">\n\t\t\t<div class=\"elementor-icon\">\n\t\t\t<svg aria-hidden=\"true\" class=\"e-font-icon-svg e-fas-phone-alt\" viewBox=\"0 0 512 512\" xmlns=\"http:\/\/www.w3.org\/2000\/svg\"><path d=\"M497.39 361.8l-112-48a24 24 0 0 0-28 6.9l-49.6 60.6A370.66 370.66 0 0 1 130.6 204.11l60.6-49.6a23.94 23.94 0 0 0 6.9-28l-48-112A24.16 24.16 0 0 0 122.6.61l-104 24A24 24 0 0 0 0 48c0 256.5 207.9 464 464 464a24 24 0 0 0 23.4-18.6l24-104a24.29 24.29 0 0 0-14.01-27.6z\"><\/path><\/svg>\t\t\t<\/div>\n\t\t<\/div>\n\t\t\t\t\t\t<\/div>\n\t\t\t\t<\/div>\n\t\t\t\t<div class=\"elementor-element elementor-element-9fb28bd elementor-widget elementor-widget-text-editor\" data-id=\"9fb28bd\" data-element_type=\"widget\" data-widget_type=\"text-editor.default\">\n\t\t\t\t<div class=\"elementor-widget-container\">\n\t\t\t\t\t\t\t\t\t<p><span class=\"topbar-content\" style=\"color: #ffffff;\"> \u2002+34 91 653 48 01\u00a0<\/span><\/p><p><span class=\"topbar-content\" style=\"color: #ffffff;\">\u00a0 +56 9 93 32 648<\/span><\/p>\t\t\t\t\t\t\t\t<\/div>\n\t\t\t\t<\/div>\n\t\t\t\t<div class=\"elementor-element elementor-element-a344ddc elementor-shape-circle e-grid-align-right elementor-grid-mobile-0 e-grid-align-mobile-right elementor-widget-mobile__width-initial elementor-grid-0 elementor-widget elementor-widget-social-icons\" data-id=\"a344ddc\" data-element_type=\"widget\" data-widget_type=\"social-icons.default\">\n\t\t\t\t<div class=\"elementor-widget-container\">\n\t\t\t\t\t\t\t<div class=\"elementor-social-icons-wrapper elementor-grid\" role=\"list\">\n\t\t\t\t\t\t\t<span class=\"elementor-grid-item\" role=\"listitem\">\n\t\t\t\t\t<a class=\"elementor-icon elementor-social-icon elementor-social-icon-facebook elementor-repeater-item-a154eec\" href=\"https:\/\/www.facebook.com\/people\/Dalper-Maquinaria-y-Accesorios-SL\/100069019885529\/\" target=\"_blank\">\n\t\t\t\t\t\t<span class=\"elementor-screen-only\">Facebook<\/span>\n\t\t\t\t\t\t<svg class=\"e-font-icon-svg e-fab-facebook\" viewBox=\"0 0 512 512\" xmlns=\"http:\/\/www.w3.org\/2000\/svg\"><path d=\"M504 256C504 119 393 8 256 8S8 119 8 256c0 123.78 90.69 226.38 209.25 245V327.69h-63V256h63v-54.64c0-62.15 37-96.48 93.67-96.48 27.14 0 55.52 4.84 55.52 4.84v61h-31.28c-30.8 0-40.41 19.12-40.41 38.73V256h68.78l-11 71.69h-57.78V501C413.31 482.38 504 379.78 504 256z\"><\/path><\/svg>\t\t\t\t\t<\/a>\n\t\t\t\t<\/span>\n\t\t\t\t\t\t\t<span class=\"elementor-grid-item\" role=\"listitem\">\n\t\t\t\t\t<a class=\"elementor-icon elementor-social-icon elementor-social-icon-linkedin elementor-repeater-item-823a557\" href=\"https:\/\/www.linkedin.com\/in\/dalper-maquinaria-y-accesorios-304b57165\" target=\"_blank\">\n\t\t\t\t\t\t<span class=\"elementor-screen-only\">Linkedin<\/span>\n\t\t\t\t\t\t<svg class=\"e-font-icon-svg e-fab-linkedin\" viewBox=\"0 0 448 512\" xmlns=\"http:\/\/www.w3.org\/2000\/svg\"><path d=\"M416 32H31.9C14.3 32 0 46.5 0 64.3v383.4C0 465.5 14.3 480 31.9 480H416c17.6 0 32-14.5 32-32.3V64.3c0-17.8-14.4-32.3-32-32.3zM135.4 416H69V202.2h66.5V416zm-33.2-243c-21.3 0-38.5-17.3-38.5-38.5S80.9 96 102.2 96c21.2 0 38.5 17.3 38.5 38.5 0 21.3-17.2 38.5-38.5 38.5zm282.1 243h-66.4V312c0-24.8-.5-56.7-34.5-56.7-34.6 0-39.9 27-39.9 54.9V416h-66.4V202.2h63.7v29.2h.9c8.9-16.8 30.6-34.5 62.9-34.5 67.2 0 79.7 44.3 79.7 101.9V416z\"><\/path><\/svg>\t\t\t\t\t<\/a>\n\t\t\t\t<\/span>\n\t\t\t\t\t\t\t<span class=\"elementor-grid-item\" role=\"listitem\">\n\t\t\t\t\t<a class=\"elementor-icon elementor-social-icon elementor-social-icon-linkedin elementor-repeater-item-9d9761d\" href=\"https:\/\/www.linkedin.com\/company\/dalper-chile-spa\/\" target=\"_blank\">\n\t\t\t\t\t\t<span class=\"elementor-screen-only\">Linkedin<\/span>\n\t\t\t\t\t\t<svg class=\"e-font-icon-svg e-fab-linkedin\" viewBox=\"0 0 448 512\" xmlns=\"http:\/\/www.w3.org\/2000\/svg\"><path d=\"M416 32H31.9C14.3 32 0 46.5 0 64.3v383.4C0 465.5 14.3 480 31.9 480H416c17.6 0 32-14.5 32-32.3V64.3c0-17.8-14.4-32.3-32-32.3zM135.4 416H69V202.2h66.5V416zm-33.2-243c-21.3 0-38.5-17.3-38.5-38.5S80.9 96 102.2 96c21.2 0 38.5 17.3 38.5 38.5 0 21.3-17.2 38.5-38.5 38.5zm282.1 243h-66.4V312c0-24.8-.5-56.7-34.5-56.7-34.6 0-39.9 27-39.9 54.9V416h-66.4V202.2h63.7v29.2h.9c8.9-16.8 30.6-34.5 62.9-34.5 67.2 0 79.7 44.3 79.7 101.9V416z\"><\/path><\/svg>\t\t\t\t\t<\/a>\n\t\t\t\t<\/span>\n\t\t\t\t\t<\/div>\n\t\t\t\t\t\t<\/div>\n\t\t\t\t<\/div>\n\t\t\t\t\t<\/div>\n\t\t<\/div>\n\t\t\t\t\t<\/div>\n\t\t<\/section>\n\t\t\t\t<section class=\"elementor-section elementor-top-section elementor-element elementor-element-678382c7 elementor-section-full_width elementor-section-stretched elementor-section-height-default elementor-section-height-default\" data-id=\"678382c7\" data-element_type=\"section\" data-settings=\"{&quot;stretch_section&quot;:&quot;section-stretched&quot;}\">\n\t\t\t\t\t\t<div class=\"elementor-container elementor-column-gap-default\">\n\t\t\t\t\t<div class=\"elementor-column elementor-col-100 elementor-top-column elementor-element elementor-element-4a5dd1e1\" data-id=\"4a5dd1e1\" data-element_type=\"column\">\n\t\t\t<div class=\"elementor-widget-wrap elementor-element-populated\">\n\t\t\t\t\t\t<div class=\"elementor-element elementor-element-7774cd15 elementor-skin-carousel elementor-arrows-yes elementor-pagination-type-bullets elementor-pagination-position-outside elementor-widget elementor-widget-media-carousel\" data-id=\"7774cd15\" data-element_type=\"widget\" data-settings=\"{&quot;effect&quot;:&quot;fade&quot;,&quot;skin&quot;:&quot;carousel&quot;,&quot;show_arrows&quot;:&quot;yes&quot;,&quot;pagination&quot;:&quot;bullets&quot;,&quot;speed&quot;:500,&quot;autoplay&quot;:&quot;yes&quot;,&quot;autoplay_speed&quot;:5000,&quot;loop&quot;:&quot;yes&quot;,&quot;pause_on_hover&quot;:&quot;yes&quot;,&quot;pause_on_interaction&quot;:&quot;yes&quot;,&quot;space_between&quot;:{&quot;unit&quot;:&quot;px&quot;,&quot;size&quot;:10,&quot;sizes&quot;:[]},&quot;space_between_tablet&quot;:{&quot;unit&quot;:&quot;px&quot;,&quot;size&quot;:10,&quot;sizes&quot;:[]},&quot;space_between_mobile&quot;:{&quot;unit&quot;:&quot;px&quot;,&quot;size&quot;:10,&quot;sizes&quot;:[]}}\" data-widget_type=\"media-carousel.default\">\n\t\t\t\t<div class=\"elementor-widget-container\">\n\t\t\t\t\t\t\t\t\t<div class=\"elementor-swiper\">\n\t\t\t\t\t<div class=\"elementor-main-swiper swiper\" role=\"region\" aria-roledescription=\"carousel\" aria-label=\"Diapositivas\">\n\t\t\t\t<div class=\"swiper-wrapper\">\n\t\t\t\t\t\t\t\t\t\t\t<div class=\"swiper-slide\" role=\"group\" aria-roledescription=\"slide\">\n\t\t\t\t\t\t\t\t\t<div class=\"elementor-carousel-image\" role=\"img\" aria-label=\"pit-984037_1920\" style=\"background-image: url(&#039;https:\/\/dalpersl.com\/wp-content\/uploads\/2021\/05\/pit-984037_1920.jpg&#039;)\">\n\n\t\t\t\n\t\t\t\t\t<\/div>\n\t\t\t\t\t\t\t\t<\/div>\n\t\t\t\t\t\t\t\t\t<\/div>\n\t\t\t\t\t\t\t<\/div>\n\t\t\t\t<\/div>\n\t\t\t\t\t\t\t\t<\/div>\n\t\t\t\t<\/div>\n\t\t\t\t\t<\/div>\n\t\t<\/div>\n\t\t\t\t\t<\/div>\n\t\t<\/section>\n\t\t<div class=\"elementor-element elementor-element-97fa3d7 e-flex e-con-boxed e-con e-parent\" data-id=\"97fa3d7\" data-element_type=\"container\">\n\t\t\t\t\t<div class=\"e-con-inner\">\n\t\t<div class=\"elementor-element elementor-element-7dd8568 e-flex e-con-boxed e-con e-child\" data-id=\"7dd8568\" data-element_type=\"container\" data-settings=\"{&quot;background_background&quot;:&quot;classic&quot;}\">\n\t\t\t\t\t<div class=\"e-con-inner\">\n\t\t<div class=\"elementor-element elementor-element-0c90ae6 e-con-full e-flex e-con e-child\" data-id=\"0c90ae6\" data-element_type=\"container\">\n\t\t\t\t<div class=\"elementor-element elementor-element-2cd2336 elementor-widget elementor-widget-heading\" data-id=\"2cd2336\" data-element_type=\"widget\" data-widget_type=\"heading.default\">\n\t\t\t\t<div class=\"elementor-widget-container\">\n\t\t\t\t\t<h2 class=\"elementor-heading-title elementor-size-xl\">La empresa<\/h2>\t\t\t\t<\/div>\n\t\t\t\t<\/div>\n\t\t\t\t<div class=\"elementor-element elementor-element-cdd9cc9 elementor-widget elementor-widget-text-editor\" data-id=\"cdd9cc9\" data-element_type=\"widget\" data-widget_type=\"text-editor.default\">\n\t\t\t\t<div class=\"elementor-widget-container\">\n\t\t\t\t\t\t\t\t\t<p><b>Dalper,<\/b> tiene, desde su creaci\u00f3n en el a\u00f1o 2000, como principal objetivo el mercado de la perforaci\u00f3n, <b>en su sentido m\u00e1s amplio.<\/b> Partiendo de este \u00e1mbito se abarcan una serie de sectores muy distintos y diferenciados. Con el objetivo de atender a estos mercados la compa\u00f1\u00eda se divide en <b>cuatro \u00e1reas fundamentales:<\/b><\/p><ul><li><b>T\u00faneles, ejecutados tanto con el sistema tradicional (perforaci\u00f3n y voladura) como con tuneladora (TBM).<\/b><\/li><li><b>Obra p\u00fablica y canteras.<\/b><\/li><li><b>Cimentaci\u00f3n.<\/b><\/li><li><b>Miner\u00eda<br \/><\/b><\/li><\/ul><p>Para dar servicio y asistencia a estos sectores tan diferenciados <strong>Dalper<\/strong> cuenta con una <strong>gran <\/strong><strong>gama de productos,<\/strong> mediante acuerdos de colaboraci\u00f3n y representaci\u00f3n de firmas extranjeras de reconocido prestigio internacional as\u00ed como de fiables proveedoreas nacionales. Todos estos productos tienen una caracter\u00edstica com\u00fan e imprescindible, <strong>la calidad, se\u00f1a de identidad de nuestra compa\u00f1\u00eda.<\/strong> Tratamos de aportar todos los elementos necesarios, tanto productos como servicios, en cada proyecto en el que participa, intentando solucionar el espectro completo de las actividades involucradas en la ejecuci\u00f3n de la obra en cuesti\u00f3n.<\/p><p>La amplia gama de productos, unida a nuestro equipo humano altamente cualificado y una experiencia en el sector de veinte a\u00f1os sit\u00faa a <strong>Dalper<\/strong> en disposici\u00f3n de <strong>resolver eficientemente todos los problemas<\/strong> t\u00e9cnicos que se planteen.<\/p><p>Continuando con la pol\u00edtica de expansi\u00f3n, sin perder de vista el objetivo de <strong>calidad y servicio<\/strong> se ha creado la sociedad <strong>Dalper Chile, SPA,<\/strong> con sede social y almac\u00e9n log\u00edstico en Santiago.<\/p><p><strong>Dalper Chile<\/strong> cuenta con un equipo comercial y administrativo especializado y tiene como objetivo principal el atender el mercado de la miner\u00eda y obra p\u00fablica en Sudam\u00e9rica.<\/p><p>A lo largo de nuestra, todav\u00eda, corta vida como empresa hemos hecho de la calidad y servicio nuestro objetivo y <strong>marca de distinci\u00f3n, por los cuales somos reconocidos.<\/strong><\/p>\t\t\t\t\t\t\t\t<\/div>\n\t\t\t\t<\/div>\n\t\t\t\t<\/div>\n\t\t\t\t\t<\/div>\n\t\t\t\t<\/div>\n\t\t\t\t\t<\/div>\n\t\t\t\t<\/div>\n\t\t<div class=\"elementor-element elementor-element-40f34bb e-flex e-con-boxed e-con e-parent\" data-id=\"40f34bb\" data-element_type=\"container\">\n\t\t\t\t\t<div class=\"e-con-inner\">\n\t\t\t\t\t<\/div>\n\t\t\t\t<\/div>\n\t\t\t\t<\/div>\n\t\t","protected":false},"excerpt":{"rendered":"<p>\u2002+34 91 653 48 01 \/ +56 9 93 32 648 Facebook Linkedin Linkedin \u2002+34 91 653 48 01\u00a0 \u00a0 +56 9 93 32 648 Facebook Linkedin Linkedin La empresa Dalper, tiene, desde su creaci\u00f3n en el a\u00f1o 2000, como principal objetivo el mercado de la perforaci\u00f3n, en su sentido m\u00e1s amplio. Partiendo de este [&hellip;]<\/p>\n","protected":false},"author":1,"featured_media":0,"parent":0,"menu_order":0,"comment_status":"closed","ping_status":"closed","template":"","meta":{"footnotes":""},"class_list":["post-2341","page","type-page","status-publish","hentry","entry"],"yoast_head":"<!-- This site is optimized with the Yoast SEO plugin v25.3.1 - https:\/\/yoast.com\/wordpress\/plugins\/seo\/ -->\n<title>| Dalper Manquinaria y Accesorios, sl<\/title>\n<meta name=\"robots\" content=\"index, follow, max-snippet:-1, max-image-preview:large, max-video-preview:-1\" \/>\n<link rel=\"canonical\" href=\"https:\/\/dalpersl.com\/la-empresa\" \/>\n<meta property=\"og:locale\" content=\"es_ES\" \/>\n<meta property=\"og:type\" content=\"article\" \/>\n<meta property=\"og:title\" content=\"| Dalper Manquinaria y Accesorios, sl\" \/>\n<meta property=\"og:description\" content=\"\u2002+34 91 653 48 01 \/ +56 9 93 32 648 Facebook Linkedin Linkedin \u2002+34 91 653 48 01\u00a0 \u00a0 +56 9 93 32 648 Facebook Linkedin Linkedin La empresa Dalper, tiene, desde su creaci\u00f3n en el a\u00f1o 2000, como principal objetivo el mercado de la perforaci\u00f3n, en su sentido m\u00e1s amplio. Partiendo de este [&hellip;]\" \/>\n<meta property=\"og:url\" content=\"https:\/\/dalpersl.com\/la-empresa\" \/>\n<meta property=\"og:site_name\" content=\"Dalper Manquinaria y Accesorios, sl\" \/>\n<meta property=\"article:publisher\" content=\"https:\/\/www.facebook.com\/people\/Dalper-Maquinaria-y-Accesorios-SL\/100069019885529\/\" \/>\n<meta property=\"article:modified_time\" content=\"2025-06-23T19:03:51+00:00\" \/>\n<meta name=\"twitter:card\" content=\"summary_large_image\" \/>\n<meta name=\"twitter:label1\" content=\"Tiempo de lectura\" \/>\n\t<meta name=\"twitter:data1\" content=\"2 minutos\" \/>\n<script type=\"application\/ld+json\" class=\"yoast-schema-graph\">{\"@context\":\"https:\/\/schema.org\",\"@graph\":[{\"@type\":\"WebPage\",\"@id\":\"https:\/\/dalpersl.com\/la-empresa\",\"url\":\"https:\/\/dalpersl.com\/la-empresa\/\",\"name\":\"| Dalper Manquinaria y Accesorios, sl\",\"isPartOf\":{\"@id\":\"https:\/\/dalpersl.com\/#website\"},\"datePublished\":\"2025-06-23T18:23:14+00:00\",\"dateModified\":\"2025-06-23T19:03:51+00:00\",\"breadcrumb\":{\"@id\":\"https:\/\/dalpersl.com\/la-empresa\/#breadcrumb\"},\"inLanguage\":\"es\",\"potentialAction\":[{\"@type\":\"ReadAction\",\"target\":[\"https:\/\/dalpersl.com\/la-empresa\/\"]}]},{\"@type\":\"BreadcrumbList\",\"@id\":\"https:\/\/dalpersl.com\/la-empresa\/#breadcrumb\",\"itemListElement\":[{\"@type\":\"ListItem\",\"position\":1,\"name\":\"Portada\",\"item\":\"https:\/\/dalpersl.com\/\"},{\"@type\":\"ListItem\",\"position\":2,\"name\":\"La empresa\"}]},{\"@type\":\"WebSite\",\"@id\":\"https:\/\/dalpersl.com\/#website\",\"url\":\"https:\/\/dalpersl.com\/\",\"name\":\"Dalper Manquinaria y Accesorios, sl\",\"description\":\"Equipos y accesorios de Perforaci\u00f3n\",\"publisher\":{\"@id\":\"https:\/\/dalpersl.com\/#organization\"},\"alternateName\":\"Dalper especialistas en perforaci\u00f3n\",\"potentialAction\":[{\"@type\":\"SearchAction\",\"target\":{\"@type\":\"EntryPoint\",\"urlTemplate\":\"https:\/\/dalpersl.com\/?s={search_term_string}\"},\"query-input\":{\"@type\":\"PropertyValueSpecification\",\"valueRequired\":true,\"valueName\":\"search_term_string\"}}],\"inLanguage\":\"es\"},{\"@type\":\"Organization\",\"@id\":\"https:\/\/dalpersl.com\/#organization\",\"name\":\"Dalper Manquinaria y Accesorios, sl\",\"alternateName\":\"Dalper especialistas en perforaci\u00f3n\",\"url\":\"https:\/\/dalpersl.com\/\",\"logo\":{\"@type\":\"ImageObject\",\"inLanguage\":\"es\",\"@id\":\"https:\/\/dalpersl.com\/#\/schema\/logo\/image\/\",\"url\":\"https:\/\/dalpersl.com\/wp-content\/uploads\/2021\/05\/DalperLogoIconoSitio.jpg\",\"contentUrl\":\"https:\/\/dalpersl.com\/wp-content\/uploads\/2021\/05\/DalperLogoIconoSitio.jpg\",\"width\":512,\"height\":512,\"caption\":\"Dalper Manquinaria y Accesorios, sl\"},\"image\":{\"@id\":\"https:\/\/dalpersl.com\/#\/schema\/logo\/image\/\"},\"sameAs\":[\"https:\/\/www.facebook.com\/people\/Dalper-Maquinaria-y-Accesorios-SL\/100069019885529\/\",\"https:\/\/www.linkedin.com\/in\/dalper-maquinaria-y-accesorios-304b57165\",\"https:\/\/www.linkedin.com\/company\/dalper-chile-spa\/\"]}]}<\/script>\n<!-- \/ Yoast SEO plugin. -->","yoast_head_json":{"title":"| Dalper Manquinaria y Accesorios, sl","robots":{"index":"index","follow":"follow","max-snippet":"max-snippet:-1","max-image-preview":"max-image-preview:large","max-video-preview":"max-video-preview:-1"},"canonical":"https:\/\/dalpersl.com\/la-empresa","og_locale":"es_ES","og_type":"article","og_title":"| Dalper Manquinaria y Accesorios, sl","og_description":"\u2002+34 91 653 48 01 \/ +56 9 93 32 648 Facebook Linkedin Linkedin \u2002+34 91 653 48 01\u00a0 \u00a0 +56 9 93 32 648 Facebook Linkedin Linkedin La empresa Dalper, tiene, desde su creaci\u00f3n en el a\u00f1o 2000, como principal objetivo el mercado de la perforaci\u00f3n, en su sentido m\u00e1s amplio. Partiendo de este [&hellip;]","og_url":"https:\/\/dalpersl.com\/la-empresa","og_site_name":"Dalper Manquinaria y Accesorios, sl","article_publisher":"https:\/\/www.facebook.com\/people\/Dalper-Maquinaria-y-Accesorios-SL\/100069019885529\/","article_modified_time":"2025-06-23T19:03:51+00:00","twitter_card":"summary_large_image","twitter_misc":{"Tiempo de lectura":"2 minutos"},"schema":{"@context":"https:\/\/schema.org","@graph":[{"@type":"WebPage","@id":"https:\/\/dalpersl.com\/la-empresa","url":"https:\/\/dalpersl.com\/la-empresa\/","name":"| Dalper Manquinaria y Accesorios, sl","isPartOf":{"@id":"https:\/\/dalpersl.com\/#website"},"datePublished":"2025-06-23T18:23:14+00:00","dateModified":"2025-06-23T19:03:51+00:00","breadcrumb":{"@id":"https:\/\/dalpersl.com\/la-empresa\/#breadcrumb"},"inLanguage":"es","potentialAction":[{"@type":"ReadAction","target":["https:\/\/dalpersl.com\/la-empresa\/"]}]},{"@type":"BreadcrumbList","@id":"https:\/\/dalpersl.com\/la-empresa\/#breadcrumb","itemListElement":[{"@type":"ListItem","position":1,"name":"Portada","item":"https:\/\/dalpersl.com\/"},{"@type":"ListItem","position":2,"name":"La empresa"}]},{"@type":"WebSite","@id":"https:\/\/dalpersl.com\/#website","url":"https:\/\/dalpersl.com\/","name":"Dalper Manquinaria y Accesorios, sl","description":"Equipos y accesorios de Perforaci\u00f3n","publisher":{"@id":"https:\/\/dalpersl.com\/#organization"},"alternateName":"Dalper especialistas en perforaci\u00f3n","potentialAction":[{"@type":"SearchAction","target":{"@type":"EntryPoint","urlTemplate":"https:\/\/dalpersl.com\/?s={search_term_string}"},"query-input":{"@type":"PropertyValueSpecification","valueRequired":true,"valueName":"search_term_string"}}],"inLanguage":"es"},{"@type":"Organization","@id":"https:\/\/dalpersl.com\/#organization","name":"Dalper Manquinaria y Accesorios, sl","alternateName":"Dalper especialistas en perforaci\u00f3n","url":"https:\/\/dalpersl.com\/","logo":{"@type":"ImageObject","inLanguage":"es","@id":"https:\/\/dalpersl.com\/#\/schema\/logo\/image\/","url":"https:\/\/dalpersl.com\/wp-content\/uploads\/2021\/05\/DalperLogoIconoSitio.jpg","contentUrl":"https:\/\/dalpersl.com\/wp-content\/uploads\/2021\/05\/DalperLogoIconoSitio.jpg","width":512,"height":512,"caption":"Dalper Manquinaria y Accesorios, sl"},"image":{"@id":"https:\/\/dalpersl.com\/#\/schema\/logo\/image\/"},"sameAs":["https:\/\/www.facebook.com\/people\/Dalper-Maquinaria-y-Accesorios-SL\/100069019885529\/","https:\/\/www.linkedin.com\/in\/dalper-maquinaria-y-accesorios-304b57165","https:\/\/www.linkedin.com\/company\/dalper-chile-spa\/"]}]}},"_links":{"self":[{"href":"https:\/\/dalpersl.com\/index.php?rest_route=\/wp\/v2\/pages\/2341","targetHints":{"allow":["GET"]}}],"collection":[{"href":"https:\/\/dalpersl.com\/index.php?rest_route=\/wp\/v2\/pages"}],"about":[{"href":"https:\/\/dalpersl.com\/index.php?rest_route=\/wp\/v2\/types\/page"}],"author":[{"embeddable":true,"href":"https:\/\/dalpersl.com\/index.php?rest_route=\/wp\/v2\/users\/1"}],"replies":[{"embeddable":true,"href":"https:\/\/dalpersl.com\/index.php?rest_route=%2Fwp%2Fv2%2Fcomments&post=2341"}],"version-history":[{"count":2,"href":"https:\/\/dalpersl.com\/index.php?rest_route=\/wp\/v2\/pages\/2341\/revisions"}],"predecessor-version":[{"id":2363,"href":"https:\/\/dalpersl.com\/index.php?rest_route=\/wp\/v2\/pages\/2341\/revisions\/2363"}],"wp:attachment":[{"href":"https:\/\/dalpersl.com\/index.php?rest_route=%2Fwp%2Fv2%2Fmedia&parent=2341"}],"curies":[{"name":"wp","href":"https:\/\/api.w.org\/{rel}","templated":true}]}}